{"id":17155,"date":"2023-12-14T10:20:26","date_gmt":"2023-12-14T10:20:26","guid":{"rendered":"https:\/\/willyvastiau.be\/?post_type=product&#038;p=17155"},"modified":"2023-12-14T10:24:40","modified_gmt":"2023-12-14T10:24:40","slug":"table-helion","status":"publish","type":"product","link":"https:\/\/willyvastiau.be\/fr\/produit\/table-helion\/","title":{"rendered":"Table H\u00e9lion"},"content":{"rendered":"","protected":false},"excerpt":{"rendered":"<p>Optez pour l&rsquo;\u00e9l\u00e9gance avec la table de repas H\u00e9lion, un choix raffin\u00e9 pour votre int\u00e9rieur. Dot\u00e9e d&rsquo;un plateau en c\u00e9ramique argile de 3 mm d&rsquo;\u00e9paisseur, elle s&rsquo;harmonise parfaitement avec son pi\u00e9tement en acier laqu\u00e9 noir. La c\u00e9ramique, coll\u00e9e sur un vitrage de 8 mm, offre un aspect contemporain. Pratique, cette table est \u00e9quip\u00e9e de deux rallonges r\u00e9tractables, passant ainsi de 160 cm \u00e0 240 cm de longueur, id\u00e9ale pour vos repas en famille ou entre amis. Pour une coh\u00e9rence esth\u00e9tique, associez-la aux chaises H\u00e9lion de la m\u00eame collection.<\/p>\n","protected":false},"featured_media":17158,"comment_status":"open","ping_status":"closed","template":"","meta":{"inline_featured_image":false},"pwb-brand":[639],"product_brand":[],"product_cat":[78,94],"product_tag":[],"class_list":{"0":"post-17155","1":"product","2":"type-product","3":"status-publish","4":"has-post-thumbnail","6":"pwb-brand-akante","7":"product_cat-salle-a-manger","8":"product_cat-table","10":"first","11":"instock","12":"shipping-taxable","13":"product-type-simple"},"aioseo_notices":[],"brands":[{"id":639,"name":"Akante","slug":"akante"}],"_links":{"self":[{"href":"https:\/\/willyvastiau.be\/fr\/wp-json\/wp\/v2\/product\/17155","targetHints":{"allow":["GET"]}}],"collection":[{"href":"https:\/\/willyvastiau.be\/fr\/wp-json\/wp\/v2\/product"}],"about":[{"href":"https:\/\/willyvastiau.be\/fr\/wp-json\/wp\/v2\/types\/product"}],"replies":[{"embeddable":true,"href":"https:\/\/willyvastiau.be\/fr\/wp-json\/wp\/v2\/comments?post=17155"}],"wp:featuredmedia":[{"embeddable":true,"href":"https:\/\/willyvastiau.be\/fr\/wp-json\/wp\/v2\/media\/17158"}],"wp:attachment":[{"href":"https:\/\/willyvastiau.be\/fr\/wp-json\/wp\/v2\/media?parent=17155"}],"wp:term":[{"taxonomy":"pwb-brand","embeddable":true,"href":"https:\/\/willyvastiau.be\/fr\/wp-json\/wp\/v2\/pwb-brand?post=17155"},{"taxonomy":"product_brand","embeddable":true,"href":"https:\/\/willyvastiau.be\/fr\/wp-json\/wp\/v2\/product_brand?post=17155"},{"taxonomy":"product_cat","embeddable":true,"href":"https:\/\/willyvastiau.be\/fr\/wp-json\/wp\/v2\/product_cat?post=17155"},{"taxonomy":"product_tag","embeddable":true,"href":"https:\/\/willyvastiau.be\/fr\/wp-json\/wp\/v2\/product_tag?post=17155"}],"curies":[{"name":"wp","href":"https:\/\/api.w.org\/{rel}","templated":true}]}}