{"id":17179,"date":"2023-12-14T10:41:52","date_gmt":"2023-12-14T10:41:52","guid":{"rendered":"https:\/\/willyvastiau.be\/?post_type=product&#038;p=17179"},"modified":"2023-12-14T10:46:51","modified_gmt":"2023-12-14T10:46:51","slug":"table-houston","status":"publish","type":"product","link":"https:\/\/willyvastiau.be\/fr\/produit\/table-houston\/","title":{"rendered":"Table Houston"},"content":{"rendered":"","protected":false},"excerpt":{"rendered":"<p>Explorez la table de repas Houston, la compagne id\u00e9ale pour des repas conviviaux. Son design singulier, rev\u00eatu de c\u00e9ramique marbre mat, insuffle une modernit\u00e9 \u00e9l\u00e9gante \u00e0 votre espace. Son pi\u00e9tement raffin\u00e9 en acier laqu\u00e9 noir mat compl\u00e8te harmonieusement son esth\u00e9tique. Profitez de moments chaleureux en utilisant la rallonge pour \u00e9tendre la table de 200 cm \u00e0 260 cm selon vos besoins. Pour une touche color\u00e9e, mariez la table aux chaises Augusta en bleu. Un ensemble harmonieux pour sublimer votre salle \u00e0 manger.<\/p>\n","protected":false},"featured_media":17182,"comment_status":"open","ping_status":"closed","template":"","meta":{"inline_featured_image":false},"pwb-brand":[639],"product_brand":[],"product_cat":[78,94],"product_tag":[],"class_list":{"0":"post-17179","1":"product","2":"type-product","3":"status-publish","4":"has-post-thumbnail","6":"pwb-brand-akante","7":"product_cat-salle-a-manger","8":"product_cat-table","10":"first","11":"instock","12":"shipping-taxable","13":"product-type-simple"},"aioseo_notices":[],"brands":[{"id":639,"name":"Akante","slug":"akante"}],"_links":{"self":[{"href":"https:\/\/willyvastiau.be\/fr\/wp-json\/wp\/v2\/product\/17179","targetHints":{"allow":["GET"]}}],"collection":[{"href":"https:\/\/willyvastiau.be\/fr\/wp-json\/wp\/v2\/product"}],"about":[{"href":"https:\/\/willyvastiau.be\/fr\/wp-json\/wp\/v2\/types\/product"}],"replies":[{"embeddable":true,"href":"https:\/\/willyvastiau.be\/fr\/wp-json\/wp\/v2\/comments?post=17179"}],"wp:featuredmedia":[{"embeddable":true,"href":"https:\/\/willyvastiau.be\/fr\/wp-json\/wp\/v2\/media\/17182"}],"wp:attachment":[{"href":"https:\/\/willyvastiau.be\/fr\/wp-json\/wp\/v2\/media?parent=17179"}],"wp:term":[{"taxonomy":"pwb-brand","embeddable":true,"href":"https:\/\/willyvastiau.be\/fr\/wp-json\/wp\/v2\/pwb-brand?post=17179"},{"taxonomy":"product_brand","embeddable":true,"href":"https:\/\/willyvastiau.be\/fr\/wp-json\/wp\/v2\/product_brand?post=17179"},{"taxonomy":"product_cat","embeddable":true,"href":"https:\/\/willyvastiau.be\/fr\/wp-json\/wp\/v2\/product_cat?post=17179"},{"taxonomy":"product_tag","embeddable":true,"href":"https:\/\/willyvastiau.be\/fr\/wp-json\/wp\/v2\/product_tag?post=17179"}],"curies":[{"name":"wp","href":"https:\/\/api.w.org\/{rel}","templated":true}]}}