{"id":17217,"date":"2023-12-14T11:17:57","date_gmt":"2023-12-14T11:17:57","guid":{"rendered":"https:\/\/willyvastiau.be\/?post_type=product&#038;p=17217"},"modified":"2023-12-14T11:21:41","modified_gmt":"2023-12-14T11:21:41","slug":"table-ottawa","status":"publish","type":"product","link":"https:\/\/willyvastiau.be\/fr\/produit\/table-ottawa\/","title":{"rendered":"Table Ottawa"},"content":{"rendered":"","protected":false},"excerpt":{"rendered":"<p>La table de repas Ottawa allie design et praticit\u00e9, captivant vos convives avec son plateau en c\u00e9ramique silver de 3 mm coll\u00e9 sur un vitrage de 8 mm. Au-del\u00e0 de ses dimensions g\u00e9n\u00e9reuses de 190 cm de long et 100 cm de large, Ottawa se distingue par ses deux rallonges de 40 cm \u00e0 chaque extr\u00e9mit\u00e9. La particularit\u00e9 r\u00e9side dans leur d\u00e9ploiement ind\u00e9pendant, offrant une flexibilit\u00e9 sur mesure pour votre table de repas. Le pi\u00e9tement contemporain en acier laqu\u00e9 noir mat ajoute une touche moderne \u00e0 votre salle \u00e0 manger, tout en offrant un espace accueillant \u00e0 vos convives.<\/p>\n","protected":false},"featured_media":17218,"comment_status":"open","ping_status":"closed","template":"","meta":{"inline_featured_image":false},"pwb-brand":[639],"product_brand":[],"product_cat":[78,94],"product_tag":[],"class_list":{"0":"post-17217","1":"product","2":"type-product","3":"status-publish","4":"has-post-thumbnail","6":"pwb-brand-akante","7":"product_cat-salle-a-manger","8":"product_cat-table","10":"first","11":"instock","12":"shipping-taxable","13":"product-type-simple"},"aioseo_notices":[],"brands":[{"id":639,"name":"Akante","slug":"akante"}],"_links":{"self":[{"href":"https:\/\/willyvastiau.be\/fr\/wp-json\/wp\/v2\/product\/17217","targetHints":{"allow":["GET"]}}],"collection":[{"href":"https:\/\/willyvastiau.be\/fr\/wp-json\/wp\/v2\/product"}],"about":[{"href":"https:\/\/willyvastiau.be\/fr\/wp-json\/wp\/v2\/types\/product"}],"replies":[{"embeddable":true,"href":"https:\/\/willyvastiau.be\/fr\/wp-json\/wp\/v2\/comments?post=17217"}],"wp:featuredmedia":[{"embeddable":true,"href":"https:\/\/willyvastiau.be\/fr\/wp-json\/wp\/v2\/media\/17218"}],"wp:attachment":[{"href":"https:\/\/willyvastiau.be\/fr\/wp-json\/wp\/v2\/media?parent=17217"}],"wp:term":[{"taxonomy":"pwb-brand","embeddable":true,"href":"https:\/\/willyvastiau.be\/fr\/wp-json\/wp\/v2\/pwb-brand?post=17217"},{"taxonomy":"product_brand","embeddable":true,"href":"https:\/\/willyvastiau.be\/fr\/wp-json\/wp\/v2\/product_brand?post=17217"},{"taxonomy":"product_cat","embeddable":true,"href":"https:\/\/willyvastiau.be\/fr\/wp-json\/wp\/v2\/product_cat?post=17217"},{"taxonomy":"product_tag","embeddable":true,"href":"https:\/\/willyvastiau.be\/fr\/wp-json\/wp\/v2\/product_tag?post=17217"}],"curies":[{"name":"wp","href":"https:\/\/api.w.org\/{rel}","templated":true}]}}