{"id":17290,"date":"2023-12-14T12:32:17","date_gmt":"2023-12-14T12:32:17","guid":{"rendered":"https:\/\/willyvastiau.be\/?post_type=product&#038;p=17290"},"modified":"2023-12-14T12:34:25","modified_gmt":"2023-12-14T12:34:25","slug":"table-columbia","status":"publish","type":"product","link":"https:\/\/willyvastiau.be\/fr\/produit\/table-columbia\/","title":{"rendered":"Table Columbia"},"content":{"rendered":"","protected":false},"excerpt":{"rendered":"<p>\u00c9levez le style de votre espace avec la table de repas Columbia, une pi\u00e8ce raffin\u00e9e qui apporte une touche branch\u00e9e \u00e0 votre int\u00e9rieur. Son plateau en c\u00e9ramique titane de 3 mm d&rsquo;\u00e9paisseur, d\u00e9licatement coll\u00e9 sur un vitrage de 8 mm, offre non seulement une r\u00e9sistance exceptionnelle mais aussi une esth\u00e9tique sophistiqu\u00e9e. Les tons fonc\u00e9s de la c\u00e9ramique permettent \u00e0 la table Columbia de s&rsquo;adapter harmonieusement \u00e0 tout d\u00e9cor. Pratique au quotidien, cette table est \u00e9quip\u00e9e de rallonges int\u00e9gr\u00e9es, simplifiant ainsi votre quotidien. Son pi\u00e9tement unique en forme de V, en acier laqu\u00e9 noir mat, mesure 75 cm de hauteur, ajoutant une dimension singuli\u00e8re, originale et contemporaine \u00e0 votre espace. La table Columbia est l&rsquo;expression parfaite d&rsquo;un design \u00e9l\u00e9gant et fonctionnel.<\/p>\n","protected":false},"featured_media":17292,"comment_status":"open","ping_status":"closed","template":"","meta":{"inline_featured_image":false},"pwb-brand":[639],"product_brand":[],"product_cat":[78,94],"product_tag":[],"class_list":{"0":"post-17290","1":"product","2":"type-product","3":"status-publish","4":"has-post-thumbnail","6":"pwb-brand-akante","7":"product_cat-salle-a-manger","8":"product_cat-table","10":"first","11":"instock","12":"shipping-taxable","13":"product-type-simple"},"aioseo_notices":[],"brands":[{"id":639,"name":"Akante","slug":"akante"}],"_links":{"self":[{"href":"https:\/\/willyvastiau.be\/fr\/wp-json\/wp\/v2\/product\/17290","targetHints":{"allow":["GET"]}}],"collection":[{"href":"https:\/\/willyvastiau.be\/fr\/wp-json\/wp\/v2\/product"}],"about":[{"href":"https:\/\/willyvastiau.be\/fr\/wp-json\/wp\/v2\/types\/product"}],"replies":[{"embeddable":true,"href":"https:\/\/willyvastiau.be\/fr\/wp-json\/wp\/v2\/comments?post=17290"}],"wp:featuredmedia":[{"embeddable":true,"href":"https:\/\/willyvastiau.be\/fr\/wp-json\/wp\/v2\/media\/17292"}],"wp:attachment":[{"href":"https:\/\/willyvastiau.be\/fr\/wp-json\/wp\/v2\/media?parent=17290"}],"wp:term":[{"taxonomy":"pwb-brand","embeddable":true,"href":"https:\/\/willyvastiau.be\/fr\/wp-json\/wp\/v2\/pwb-brand?post=17290"},{"taxonomy":"product_brand","embeddable":true,"href":"https:\/\/willyvastiau.be\/fr\/wp-json\/wp\/v2\/product_brand?post=17290"},{"taxonomy":"product_cat","embeddable":true,"href":"https:\/\/willyvastiau.be\/fr\/wp-json\/wp\/v2\/product_cat?post=17290"},{"taxonomy":"product_tag","embeddable":true,"href":"https:\/\/willyvastiau.be\/fr\/wp-json\/wp\/v2\/product_tag?post=17290"}],"curies":[{"name":"wp","href":"https:\/\/api.w.org\/{rel}","templated":true}]}}