{"id":17422,"date":"2023-12-15T11:41:26","date_gmt":"2023-12-15T11:41:26","guid":{"rendered":"https:\/\/willyvastiau.be\/?post_type=product&#038;p=17422"},"modified":"2023-12-15T11:48:27","modified_gmt":"2023-12-15T11:48:27","slug":"chambre-toledo","status":"publish","type":"product","link":"https:\/\/willyvastiau.be\/fr\/produit\/chambre-toledo\/","title":{"rendered":"Chambre Toledo"},"content":{"rendered":"<p>Des armoires \u00e0 portes battantes, des armoires fonctionnelles et des armoires \u00e0 portes coulissantes sont propos\u00e9es dans diverses largeurs, avec des portes en bois assorties \u00e0 la teinte du corps ou avec des rev\u00eatements en verre color\u00e9 ou en verre miroir. Pour une utilisation optimale de l&rsquo;espace, la solution d&rsquo;angle avec une armoire d&rsquo;angle est \u00e9galement disponible.<\/p>\n<p>Diff\u00e9rentes variantes de lits futon ainsi que le lit individuel confort offrent la libert\u00e9 de choisir la position de sommeil qui vous convient le mieux. Des t\u00eates de lit et des socles sp\u00e9cialement con\u00e7us pour les lits Boxspring ajoutent un confort particulier. Un tiroir de lit pratique de grande taille, sp\u00e9cialement con\u00e7u pour le lit futon, offre un espace de rangement suppl\u00e9mentaire.<\/p>\n<p>Les nombreux d\u00e9tails bien pens\u00e9s font de cette gamme une solution fonctionnelle, extr\u00eamement confortable et exceptionnellement esth\u00e9tique. Tout simplement parfait !<\/p>\n","protected":false},"excerpt":{"rendered":"<p>\u00c0 la recherche de la chambre \u00e0 coucher id\u00e9ale ? Alors, ne cherchez plus, car Toledo est exactement ce qu&rsquo;il vous faut. Ce programme exclusif de chambre \u00e0 coucher est disponible dans de magnifiques nuances de corps en aulne partiellement massif et ch\u00eane partiellement massif.<\/p>\n","protected":false},"featured_media":17423,"comment_status":"open","ping_status":"closed","template":"","meta":{"inline_featured_image":false},"pwb-brand":[1062],"product_brand":[],"product_cat":[80,103],"product_tag":[],"class_list":{"0":"post-17422","1":"product","2":"type-product","3":"status-publish","4":"has-post-thumbnail","6":"pwb-brand-wiemann","7":"product_cat-chambre-a-coucher","8":"product_cat-chambre-complete","10":"first","11":"instock","12":"shipping-taxable","13":"product-type-simple"},"aioseo_notices":[],"brands":[{"id":1062,"name":"Wiemann","slug":"wiemann"}],"_links":{"self":[{"href":"https:\/\/willyvastiau.be\/fr\/wp-json\/wp\/v2\/product\/17422","targetHints":{"allow":["GET"]}}],"collection":[{"href":"https:\/\/willyvastiau.be\/fr\/wp-json\/wp\/v2\/product"}],"about":[{"href":"https:\/\/willyvastiau.be\/fr\/wp-json\/wp\/v2\/types\/product"}],"replies":[{"embeddable":true,"href":"https:\/\/willyvastiau.be\/fr\/wp-json\/wp\/v2\/comments?post=17422"}],"wp:featuredmedia":[{"embeddable":true,"href":"https:\/\/willyvastiau.be\/fr\/wp-json\/wp\/v2\/media\/17423"}],"wp:attachment":[{"href":"https:\/\/willyvastiau.be\/fr\/wp-json\/wp\/v2\/media?parent=17422"}],"wp:term":[{"taxonomy":"pwb-brand","embeddable":true,"href":"https:\/\/willyvastiau.be\/fr\/wp-json\/wp\/v2\/pwb-brand?post=17422"},{"taxonomy":"product_brand","embeddable":true,"href":"https:\/\/willyvastiau.be\/fr\/wp-json\/wp\/v2\/product_brand?post=17422"},{"taxonomy":"product_cat","embeddable":true,"href":"https:\/\/willyvastiau.be\/fr\/wp-json\/wp\/v2\/product_cat?post=17422"},{"taxonomy":"product_tag","embeddable":true,"href":"https:\/\/willyvastiau.be\/fr\/wp-json\/wp\/v2\/product_tag?post=17422"}],"curies":[{"name":"wp","href":"https:\/\/api.w.org\/{rel}","templated":true}]}}