{"id":17506,"date":"2023-12-15T14:00:07","date_gmt":"2023-12-15T14:00:07","guid":{"rendered":"https:\/\/willyvastiau.be\/?post_type=product&#038;p=17506"},"modified":"2023-12-15T14:06:26","modified_gmt":"2023-12-15T14:06:26","slug":"systeme-darmoires-20up","status":"publish","type":"product","link":"https:\/\/willyvastiau.be\/fr\/produit\/systeme-darmoires-20up\/","title":{"rendered":"Syst\u00e8me d&rsquo;armoires 20UP"},"content":{"rendered":"<p>Optez pour la largeur id\u00e9ale de votre armoire, allant de 160 \u00e0 400 cm, en choisissant parmi des incr\u00e9ments de 20 cm. De plus, vous avez le choix entre deux hauteurs d&rsquo;armoire diff\u00e9rentes, soit 223 et 235 cm. Ainsi, personnalisez facilement l&rsquo;armoire 20UP pour l&rsquo;adapter parfaitement \u00e0 votre espace disponible.<\/p>\n<p>Des fa\u00e7ades haut de gamme et une finition \u00e9l\u00e9gante insufflent une nouvelle vie \u00e0 chaque pi\u00e8ce. Personnalisez votre armoire 20UP en s\u00e9lectionnant parmi une vaste gamme d&rsquo;options pour la rendre vraiment unique.<\/p>\n<p>Des armoires \u00e0 portes coulissantes sont disponibles en configurations \u00e0 deux, trois et quatre portes. Les portes coulissantes panoramiques garantissent un acc\u00e8s facile et offrent une vue d&rsquo;ensemble optimale sur le contenu de votre armoire. Les portes coulissantes synchrones, particuli\u00e8rement remarquables sur une armoire de 360 cm de large, offrent une exp\u00e9rience de stockage sans pareille, s&rsquo;ouvrant d&rsquo;un simple mouvement de la main.<\/p>\n<p>Un avantage suppl\u00e9mentaire r\u00e9side dans l&rsquo;utilisation du rail de roulement innovant rauch EASY SLIDE. Ainsi, la tranquillit\u00e9 s&rsquo;installe dans votre maison, les portes coulissantes de votre armoire 20UP s&rsquo;ouvrant et se fermant en douceur et en silence.<\/p>\n<p>Que ce soit pour des tringles \u00e0 v\u00eatements, des \u00e9tag\u00e8res ou des inserts de tiroirs, l&rsquo;int\u00e9rieur g\u00e9n\u00e9reux des armoires 20UP offre amplement d&rsquo;espace pour vos objets personnels. Chaque armoire est \u00e9quip\u00e9e de deux \u00e9tag\u00e8res et d&rsquo;une tringle \u00e0 v\u00eatements par \u00e9l\u00e9ment en standard.<\/p>\n<p>Pour un rangement encore plus organis\u00e9, profitez du confort d&rsquo;un am\u00e9nagement int\u00e9rieur optimal en choisissant parmi la vaste gamme d&rsquo;accessoires disponibles, adapt\u00e9s \u00e0 vos besoins.<\/p>\n<p>Les armoires individuelles de la s\u00e9rie 20UP peuvent \u00eatre \u00e9tendues quasiment \u00e0 volont\u00e9. En les assemblant de mani\u00e8re simple, vous cr\u00e9ez des solutions d&rsquo;armoires spacieuses, permettant une planification personnalis\u00e9e m\u00eame dans les coins gr\u00e2ce \u00e0 des \u00e9l\u00e9ments assortis.<\/p>\n<p>Avec notre service de personnalisation 20UP, soyez assur\u00e9 que nous exploiterons de mani\u00e8re astucieuse chaque coin de votre espace, maximisant ainsi votre espace de rangement, centim\u00e8tre par centim\u00e8tre !<\/p>\n","protected":false},"excerpt":{"rendered":"<h2><strong>Trouvez votre garde-robe parfaite !<\/strong><\/h2>\n<p>Avec sa vaste gamme, 20UP propose une armoire adapt\u00e9e \u00e0 chaque style. Personnalisez vos armoires avec des portes battantes ou coulissantes, et compl\u00e9tez l&rsquo;ensemble avec un lit, une table de chevet ou une commode. Transformez votre chambre en un espace de r\u00eave !<\/p>\n","protected":false},"featured_media":17507,"comment_status":"open","ping_status":"closed","template":"","meta":{"inline_featured_image":false},"pwb-brand":[1064],"product_brand":[],"product_cat":[80,107],"product_tag":[],"class_list":{"0":"post-17506","1":"product","2":"type-product","3":"status-publish","4":"has-post-thumbnail","6":"pwb-brand-rauch","7":"product_cat-chambre-a-coucher","8":"product_cat-dressing-armoire","10":"first","11":"instock","12":"shipping-taxable","13":"product-type-simple"},"aioseo_notices":[],"brands":[{"id":1064,"name":"Rauch","slug":"rauch"}],"_links":{"self":[{"href":"https:\/\/willyvastiau.be\/fr\/wp-json\/wp\/v2\/product\/17506","targetHints":{"allow":["GET"]}}],"collection":[{"href":"https:\/\/willyvastiau.be\/fr\/wp-json\/wp\/v2\/product"}],"about":[{"href":"https:\/\/willyvastiau.be\/fr\/wp-json\/wp\/v2\/types\/product"}],"replies":[{"embeddable":true,"href":"https:\/\/willyvastiau.be\/fr\/wp-json\/wp\/v2\/comments?post=17506"}],"wp:featuredmedia":[{"embeddable":true,"href":"https:\/\/willyvastiau.be\/fr\/wp-json\/wp\/v2\/media\/17507"}],"wp:attachment":[{"href":"https:\/\/willyvastiau.be\/fr\/wp-json\/wp\/v2\/media?parent=17506"}],"wp:term":[{"taxonomy":"pwb-brand","embeddable":true,"href":"https:\/\/willyvastiau.be\/fr\/wp-json\/wp\/v2\/pwb-brand?post=17506"},{"taxonomy":"product_brand","embeddable":true,"href":"https:\/\/willyvastiau.be\/fr\/wp-json\/wp\/v2\/product_brand?post=17506"},{"taxonomy":"product_cat","embeddable":true,"href":"https:\/\/willyvastiau.be\/fr\/wp-json\/wp\/v2\/product_cat?post=17506"},{"taxonomy":"product_tag","embeddable":true,"href":"https:\/\/willyvastiau.be\/fr\/wp-json\/wp\/v2\/product_tag?post=17506"}],"curies":[{"name":"wp","href":"https:\/\/api.w.org\/{rel}","templated":true}]}}