{"id":17563,"date":"2023-12-15T15:05:57","date_gmt":"2023-12-15T15:05:57","guid":{"rendered":"https:\/\/willyvastiau.be\/?post_type=product&#038;p=17563"},"modified":"2023-12-15T15:09:17","modified_gmt":"2023-12-15T15:09:17","slug":"chaise-dalma","status":"publish","type":"product","link":"https:\/\/willyvastiau.be\/fr\/produit\/chaise-dalma\/","title":{"rendered":"Chaise Dalma"},"content":{"rendered":"","protected":false},"excerpt":{"rendered":"<p>La chaise de salle \u00e0 manger Dalma incarne une \u00e9l\u00e9gance intemporelle qui se fond harmonieusement dans tout int\u00e9rieur. Son design \u00e0 la fois \u00e9l\u00e9gant et moderne en fait un choix polyvalent. Offrant un si\u00e8ge merveilleusement confortable, elle invite \u00e0 des repas conviviaux entre amis ou en famille. Disponible dans le tissu Softyl et propos\u00e9e dans des teintes cognac, galet et acier, la chaise de salle \u00e0 manger Dalma apporte style et confort \u00e0 votre espace de repas.<\/p>\n","protected":false},"featured_media":17566,"comment_status":"open","ping_status":"closed","template":"","meta":{"inline_featured_image":false},"pwb-brand":[1065],"product_brand":[],"product_cat":[96,78],"product_tag":[],"class_list":{"0":"post-17563","1":"product","2":"type-product","3":"status-publish","4":"has-post-thumbnail","6":"pwb-brand-maxfurn","7":"product_cat-chaise","8":"product_cat-salle-a-manger","10":"first","11":"instock","12":"shipping-taxable","13":"product-type-simple"},"aioseo_notices":[],"brands":[{"id":1065,"name":"Maxfurn","slug":"maxfurn"}],"_links":{"self":[{"href":"https:\/\/willyvastiau.be\/fr\/wp-json\/wp\/v2\/product\/17563","targetHints":{"allow":["GET"]}}],"collection":[{"href":"https:\/\/willyvastiau.be\/fr\/wp-json\/wp\/v2\/product"}],"about":[{"href":"https:\/\/willyvastiau.be\/fr\/wp-json\/wp\/v2\/types\/product"}],"replies":[{"embeddable":true,"href":"https:\/\/willyvastiau.be\/fr\/wp-json\/wp\/v2\/comments?post=17563"}],"wp:featuredmedia":[{"embeddable":true,"href":"https:\/\/willyvastiau.be\/fr\/wp-json\/wp\/v2\/media\/17566"}],"wp:attachment":[{"href":"https:\/\/willyvastiau.be\/fr\/wp-json\/wp\/v2\/media?parent=17563"}],"wp:term":[{"taxonomy":"pwb-brand","embeddable":true,"href":"https:\/\/willyvastiau.be\/fr\/wp-json\/wp\/v2\/pwb-brand?post=17563"},{"taxonomy":"product_brand","embeddable":true,"href":"https:\/\/willyvastiau.be\/fr\/wp-json\/wp\/v2\/product_brand?post=17563"},{"taxonomy":"product_cat","embeddable":true,"href":"https:\/\/willyvastiau.be\/fr\/wp-json\/wp\/v2\/product_cat?post=17563"},{"taxonomy":"product_tag","embeddable":true,"href":"https:\/\/willyvastiau.be\/fr\/wp-json\/wp\/v2\/product_tag?post=17563"}],"curies":[{"name":"wp","href":"https:\/\/api.w.org\/{rel}","templated":true}]}}