{"id":17593,"date":"2023-12-15T15:35:37","date_gmt":"2023-12-15T15:35:37","guid":{"rendered":"https:\/\/willyvastiau.be\/?post_type=product&#038;p=17593"},"modified":"2023-12-15T15:38:24","modified_gmt":"2023-12-15T15:38:24","slug":"chaise-de-bar-morris","status":"publish","type":"product","link":"https:\/\/willyvastiau.be\/fr\/produit\/chaise-de-bar-morris\/","title":{"rendered":"Chaise de bar Morris"},"content":{"rendered":"","protected":false},"excerpt":{"rendered":"<p>D\u00e9couvrez le summum du confort avec la chaise de bar Morris, dot\u00e9e d&rsquo;accoudoirs pour une exp\u00e9rience d&rsquo;assise exceptionnelle. Disponible dans une palette de coloris vari\u00e9e, cette chaise de bar Morris allie style et praticit\u00e9. Sa base noire rev\u00eatue de poudre ajoute une touche moderne et \u00e9l\u00e9gante \u00e0 son design. Optez pour le confort sup\u00e9rieur associ\u00e9 \u00e0 une esth\u00e9tique raffin\u00e9e avec la chaise de bar Morris.<\/p>\n","protected":false},"featured_media":17594,"comment_status":"open","ping_status":"closed","template":"","meta":{"inline_featured_image":false},"pwb-brand":[1065],"product_brand":[],"product_cat":[96,78],"product_tag":[],"class_list":{"0":"post-17593","1":"product","2":"type-product","3":"status-publish","4":"has-post-thumbnail","6":"pwb-brand-maxfurn","7":"product_cat-chaise","8":"product_cat-salle-a-manger","10":"first","11":"instock","12":"shipping-taxable","13":"product-type-simple"},"aioseo_notices":[],"brands":[{"id":1065,"name":"Maxfurn","slug":"maxfurn"}],"_links":{"self":[{"href":"https:\/\/willyvastiau.be\/fr\/wp-json\/wp\/v2\/product\/17593","targetHints":{"allow":["GET"]}}],"collection":[{"href":"https:\/\/willyvastiau.be\/fr\/wp-json\/wp\/v2\/product"}],"about":[{"href":"https:\/\/willyvastiau.be\/fr\/wp-json\/wp\/v2\/types\/product"}],"replies":[{"embeddable":true,"href":"https:\/\/willyvastiau.be\/fr\/wp-json\/wp\/v2\/comments?post=17593"}],"wp:featuredmedia":[{"embeddable":true,"href":"https:\/\/willyvastiau.be\/fr\/wp-json\/wp\/v2\/media\/17594"}],"wp:attachment":[{"href":"https:\/\/willyvastiau.be\/fr\/wp-json\/wp\/v2\/media?parent=17593"}],"wp:term":[{"taxonomy":"pwb-brand","embeddable":true,"href":"https:\/\/willyvastiau.be\/fr\/wp-json\/wp\/v2\/pwb-brand?post=17593"},{"taxonomy":"product_brand","embeddable":true,"href":"https:\/\/willyvastiau.be\/fr\/wp-json\/wp\/v2\/product_brand?post=17593"},{"taxonomy":"product_cat","embeddable":true,"href":"https:\/\/willyvastiau.be\/fr\/wp-json\/wp\/v2\/product_cat?post=17593"},{"taxonomy":"product_tag","embeddable":true,"href":"https:\/\/willyvastiau.be\/fr\/wp-json\/wp\/v2\/product_tag?post=17593"}],"curies":[{"name":"wp","href":"https:\/\/api.w.org\/{rel}","templated":true}]}}