{"id":17620,"date":"2023-12-15T15:57:34","date_gmt":"2023-12-15T15:57:34","guid":{"rendered":"https:\/\/willyvastiau.be\/?post_type=product&#038;p=17620"},"modified":"2023-12-15T16:03:01","modified_gmt":"2023-12-15T16:03:01","slug":"chaise-marley","status":"publish","type":"product","link":"https:\/\/willyvastiau.be\/fr\/produit\/chaise-marley\/","title":{"rendered":"Chaise Marley"},"content":{"rendered":"","protected":false},"excerpt":{"rendered":"<p>Recherchez-vous une chaise qui apporte convivialit\u00e9 et confort \u00e0 votre maison ? Optez pour cette \u00e9l\u00e9gante chaise confortable disponible dans une vari\u00e9t\u00e9 de couleurs de tissu. Associ\u00e9e \u00e0 ses pieds en m\u00e9tal noir, cette chaise de salon attirera tous les regards dans votre int\u00e9rieur !<\/p>\n","protected":false},"featured_media":17622,"comment_status":"open","ping_status":"closed","template":"","meta":{"inline_featured_image":false},"pwb-brand":[1065],"product_brand":[],"product_cat":[96,78],"product_tag":[],"class_list":{"0":"post-17620","1":"product","2":"type-product","3":"status-publish","4":"has-post-thumbnail","6":"pwb-brand-maxfurn","7":"product_cat-chaise","8":"product_cat-salle-a-manger","10":"first","11":"instock","12":"shipping-taxable","13":"product-type-simple"},"aioseo_notices":[],"brands":[{"id":1065,"name":"Maxfurn","slug":"maxfurn"}],"_links":{"self":[{"href":"https:\/\/willyvastiau.be\/fr\/wp-json\/wp\/v2\/product\/17620","targetHints":{"allow":["GET"]}}],"collection":[{"href":"https:\/\/willyvastiau.be\/fr\/wp-json\/wp\/v2\/product"}],"about":[{"href":"https:\/\/willyvastiau.be\/fr\/wp-json\/wp\/v2\/types\/product"}],"replies":[{"embeddable":true,"href":"https:\/\/willyvastiau.be\/fr\/wp-json\/wp\/v2\/comments?post=17620"}],"wp:featuredmedia":[{"embeddable":true,"href":"https:\/\/willyvastiau.be\/fr\/wp-json\/wp\/v2\/media\/17622"}],"wp:attachment":[{"href":"https:\/\/willyvastiau.be\/fr\/wp-json\/wp\/v2\/media?parent=17620"}],"wp:term":[{"taxonomy":"pwb-brand","embeddable":true,"href":"https:\/\/willyvastiau.be\/fr\/wp-json\/wp\/v2\/pwb-brand?post=17620"},{"taxonomy":"product_brand","embeddable":true,"href":"https:\/\/willyvastiau.be\/fr\/wp-json\/wp\/v2\/product_brand?post=17620"},{"taxonomy":"product_cat","embeddable":true,"href":"https:\/\/willyvastiau.be\/fr\/wp-json\/wp\/v2\/product_cat?post=17620"},{"taxonomy":"product_tag","embeddable":true,"href":"https:\/\/willyvastiau.be\/fr\/wp-json\/wp\/v2\/product_tag?post=17620"}],"curies":[{"name":"wp","href":"https:\/\/api.w.org\/{rel}","templated":true}]}}