{"id":17645,"date":"2023-12-15T16:19:48","date_gmt":"2023-12-15T16:19:48","guid":{"rendered":"https:\/\/willyvastiau.be\/?post_type=product&#038;p=17645"},"modified":"2023-12-15T16:23:04","modified_gmt":"2023-12-15T16:23:04","slug":"chaise-tesla","status":"publish","type":"product","link":"https:\/\/willyvastiau.be\/fr\/produit\/chaise-tesla\/","title":{"rendered":"Chaise Tesla"},"content":{"rendered":"","protected":false},"excerpt":{"rendered":"<p>D\u00e9couvrez le mariage parfait de modernit\u00e9 et de confort avec la chaise Tesla de Maxfurn. Arborant une silhouette contemporaine, cette chaise de salle \u00e0 manger est une pi\u00e8ce ma\u00eetresse disponible dans des teintes \u00e9l\u00e9gantes telles que l&rsquo;acier, le cognac ou le galet. Son rembourrage en Softyl, r\u00e9sistant \u00e0 l&rsquo;humidit\u00e9 et \u00e0 la salet\u00e9, assure une durabilit\u00e9 exceptionnelle. Plongez dans l&rsquo;\u00e9l\u00e9gance et le bien-\u00eatre avec la chaise Tesla, une invitation \u00e0 savourer vos repas dans un style incomparable.<\/p>\n","protected":false},"featured_media":17647,"comment_status":"open","ping_status":"closed","template":"","meta":{"inline_featured_image":false},"pwb-brand":[1065],"product_brand":[],"product_cat":[96,78],"product_tag":[],"class_list":{"0":"post-17645","1":"product","2":"type-product","3":"status-publish","4":"has-post-thumbnail","6":"pwb-brand-maxfurn","7":"product_cat-chaise","8":"product_cat-salle-a-manger","10":"first","11":"instock","12":"shipping-taxable","13":"product-type-simple"},"aioseo_notices":[],"brands":[{"id":1065,"name":"Maxfurn","slug":"maxfurn"}],"_links":{"self":[{"href":"https:\/\/willyvastiau.be\/fr\/wp-json\/wp\/v2\/product\/17645","targetHints":{"allow":["GET"]}}],"collection":[{"href":"https:\/\/willyvastiau.be\/fr\/wp-json\/wp\/v2\/product"}],"about":[{"href":"https:\/\/willyvastiau.be\/fr\/wp-json\/wp\/v2\/types\/product"}],"replies":[{"embeddable":true,"href":"https:\/\/willyvastiau.be\/fr\/wp-json\/wp\/v2\/comments?post=17645"}],"wp:featuredmedia":[{"embeddable":true,"href":"https:\/\/willyvastiau.be\/fr\/wp-json\/wp\/v2\/media\/17647"}],"wp:attachment":[{"href":"https:\/\/willyvastiau.be\/fr\/wp-json\/wp\/v2\/media?parent=17645"}],"wp:term":[{"taxonomy":"pwb-brand","embeddable":true,"href":"https:\/\/willyvastiau.be\/fr\/wp-json\/wp\/v2\/pwb-brand?post=17645"},{"taxonomy":"product_brand","embeddable":true,"href":"https:\/\/willyvastiau.be\/fr\/wp-json\/wp\/v2\/product_brand?post=17645"},{"taxonomy":"product_cat","embeddable":true,"href":"https:\/\/willyvastiau.be\/fr\/wp-json\/wp\/v2\/product_cat?post=17645"},{"taxonomy":"product_tag","embeddable":true,"href":"https:\/\/willyvastiau.be\/fr\/wp-json\/wp\/v2\/product_tag?post=17645"}],"curies":[{"name":"wp","href":"https:\/\/api.w.org\/{rel}","templated":true}]}}