{"id":18827,"date":"2024-03-12T11:23:44","date_gmt":"2024-03-12T11:23:44","guid":{"rendered":"https:\/\/willyvastiau.be\/?post_type=product&#038;p=18827"},"modified":"2024-03-12T11:23:44","modified_gmt":"2024-03-12T11:23:44","slug":"fauteuil-aerofoil","status":"publish","type":"product","link":"https:\/\/willyvastiau.be\/fr\/produit\/fauteuil-aerofoil\/","title":{"rendered":"Fauteuil Aerofoil"},"content":{"rendered":"<p>Aerofoil Dynamic LS fait partie de notre collection Dynamic Lifestyle, o\u00f9 l&rsquo;innovation et le confort se rencontrent pour cr\u00e9er des pi\u00e8ces exceptionnelles. Ce fauteuil r\u00e9volutionnaire est \u00e9quip\u00e9 d&rsquo;un syst\u00e8me brevet\u00e9 de trajectoire de guidage unique, permettant une inclinaison synchronis\u00e9e avec le dossier pour une sensation naturelle de d\u00e9tente \u00e0 chaque mouvement. Con\u00e7u par le renomm\u00e9 Studio Schrofer, Aerofoil Dynamic LS incarne l&rsquo;\u00e9l\u00e9gance du design scandinave tout en offrant un confort exceptionnel.<\/p>\n<p>Le syst\u00e8me Dyfosit int\u00e9gr\u00e9 assure une r\u00e9partition uniforme du poids entre les cuisses et le dos, \u00e9liminant ainsi toute g\u00eane au niveau du bas du dos et du coccyx. Gr\u00e2ce \u00e0 son rembourrage g\u00e9n\u00e9reux, ce fauteuil offre un confort in\u00e9gal\u00e9 sans compromettre son allure fine et \u00e9pur\u00e9e, typique du style scandinave. De plus, Aerofoil Dynamic LS est disponible dans un large \u00e9ventail de rev\u00eatements, y compris notre nouvelle gamme de tissus fabriqu\u00e9s \u00e0 partir de bouteilles RPET recycl\u00e9es, d\u00e9montrant notre engagement envers la durabilit\u00e9 et l&rsquo;innovation.<\/p>\n<p>Avec une garantie de 10 ans sur le rembourrage en mousse dynamique, le cadre int\u00e9rieur et les ressorts, vous pouvez vous d\u00e9tendre en toute tranquillit\u00e9 d&rsquo;esprit. Que ce soit pour une pause d\u00e9tente ou un moment de relaxation, Aerofoil Dynamic LS est l&rsquo;expression parfaite du confort et du style contemporain.<\/p>\n","protected":false},"excerpt":{"rendered":"<p>Aerofoil Dynamic LS, de notre collection Dynamic Lifestyle, offre un confort exceptionnel gr\u00e2ce \u00e0 son syst\u00e8me brevet\u00e9 de trajectoire de guidage unique. Con\u00e7u par Studio Schrofer, ce fauteuil \u00e9l\u00e9gant allie un rembourrage g\u00e9n\u00e9reux au design scandinave caract\u00e9ristique. Dot\u00e9 du syst\u00e8me Dyfosit, il assure une r\u00e9partition uniforme du poids pour un soutien optimal du dos et des cuisses. Disponible dans divers rev\u00eatements, y compris des tissus RPET recycl\u00e9s, avec une garantie de 10 ans sur les composants cl\u00e9s.<\/p>\n","protected":false},"featured_media":18828,"comment_status":"open","ping_status":"closed","template":"","meta":{"inline_featured_image":false},"pwb-brand":[1086],"product_brand":[],"product_cat":[87],"product_tag":[],"class_list":{"0":"post-18827","1":"product","2":"type-product","3":"status-publish","4":"has-post-thumbnail","6":"pwb-brand-kebe","7":"product_cat-fauteuil","9":"first","10":"instock","11":"shipping-taxable","12":"product-type-simple"},"aioseo_notices":[],"brands":[{"id":1086,"name":"KEBE","slug":"kebe"}],"_links":{"self":[{"href":"https:\/\/willyvastiau.be\/fr\/wp-json\/wp\/v2\/product\/18827","targetHints":{"allow":["GET"]}}],"collection":[{"href":"https:\/\/willyvastiau.be\/fr\/wp-json\/wp\/v2\/product"}],"about":[{"href":"https:\/\/willyvastiau.be\/fr\/wp-json\/wp\/v2\/types\/product"}],"replies":[{"embeddable":true,"href":"https:\/\/willyvastiau.be\/fr\/wp-json\/wp\/v2\/comments?post=18827"}],"wp:featuredmedia":[{"embeddable":true,"href":"https:\/\/willyvastiau.be\/fr\/wp-json\/wp\/v2\/media\/18828"}],"wp:attachment":[{"href":"https:\/\/willyvastiau.be\/fr\/wp-json\/wp\/v2\/media?parent=18827"}],"wp:term":[{"taxonomy":"pwb-brand","embeddable":true,"href":"https:\/\/willyvastiau.be\/fr\/wp-json\/wp\/v2\/pwb-brand?post=18827"},{"taxonomy":"product_brand","embeddable":true,"href":"https:\/\/willyvastiau.be\/fr\/wp-json\/wp\/v2\/product_brand?post=18827"},{"taxonomy":"product_cat","embeddable":true,"href":"https:\/\/willyvastiau.be\/fr\/wp-json\/wp\/v2\/product_cat?post=18827"},{"taxonomy":"product_tag","embeddable":true,"href":"https:\/\/willyvastiau.be\/fr\/wp-json\/wp\/v2\/product_tag?post=18827"}],"curies":[{"name":"wp","href":"https:\/\/api.w.org\/{rel}","templated":true}]}}