{"id":18851,"date":"2024-03-12T11:54:24","date_gmt":"2024-03-12T11:54:24","guid":{"rendered":"https:\/\/willyvastiau.be\/?post_type=product&#038;p=18851"},"modified":"2024-03-12T11:59:40","modified_gmt":"2024-03-12T11:59:40","slug":"fauteuil-camillo","status":"publish","type":"product","link":"https:\/\/willyvastiau.be\/fr\/produit\/fauteuil-camillo\/","title":{"rendered":"Fauteuil Camillo"},"content":{"rendered":"<p>Le fauteuil relax Camillo est bien plus qu&rsquo;un simple meuble : c&rsquo;est un compagnon fid\u00e8le pour des ann\u00e9es de d\u00e9tente et de confort. Con\u00e7u avec soin par Kebe, ce fauteuil incarne l&rsquo;\u00e9l\u00e9gance et la durabilit\u00e9, offrant un havre de paix apr\u00e8s une journ\u00e9e bien remplie.<\/p>\n<p>Son large si\u00e8ge ergonomique offre un confort in\u00e9gal\u00e9, invitant \u00e0 se laisser aller et \u00e0 se reposer, m\u00eame pour un court instant. Avec son pi\u00e8tement pivotant, le fauteuil Camillo offre une grande libert\u00e9 de mouvement en position assise, vous permettant de trouver la position id\u00e9ale pour vous d\u00e9tendre.<\/p>\n<p>Disponible en cinq variantes de finitions, du chrome au mat, et en cuir ou en tissu dans une gamme de couleurs allant du nougat au vert mousse, le fauteuil Camillo s&rsquo;adapte parfaitement \u00e0 votre style et \u00e0 votre int\u00e9rieur. De plus, il peut \u00eatre livr\u00e9 avec ou sans le repose-pied assorti, pour une relaxation encore plus compl\u00e8te.<\/p>\n<p>Avec une garantie de 10 ans sur sa mousse dynamique, ses ressorts et son cadre int\u00e9rieur, le fauteuil Camillo est synonyme de tranquillit\u00e9 d&rsquo;esprit et de qualit\u00e9 durable. Offrant un confort exceptionnel et un design \u00e9l\u00e9gant, ce fauteuil relax deviendra rapidement le point central de votre espace de d\u00e9tente.<\/p>\n","protected":false},"excerpt":{"rendered":"<p>Le fauteuil relax Camillo, con\u00e7u par Kebe, allie \u00e9l\u00e9gance et durabilit\u00e9 pour une d\u00e9tente optimale apr\u00e8s une journ\u00e9e de travail. Son large si\u00e8ge offre un confort in\u00e9gal\u00e9, et son pi\u00e8tement pivotant assure une libert\u00e9 de mouvement. Disponible en cinq finitions et en cuir ou tissu, avec ou sans repose-pied assorti, ce fauteuil garantit une relaxation ultime avec une garantie de 10 ans sur ses composants cl\u00e9s.<\/p>\n<p>&nbsp;<\/p>\n","protected":false},"featured_media":18853,"comment_status":"open","ping_status":"closed","template":"","meta":{"inline_featured_image":false},"pwb-brand":[1086],"product_brand":[],"product_cat":[87],"product_tag":[],"class_list":{"0":"post-18851","1":"product","2":"type-product","3":"status-publish","4":"has-post-thumbnail","6":"pwb-brand-kebe","7":"product_cat-fauteuil","9":"first","10":"instock","11":"shipping-taxable","12":"product-type-simple"},"aioseo_notices":[],"brands":[{"id":1086,"name":"KEBE","slug":"kebe"}],"_links":{"self":[{"href":"https:\/\/willyvastiau.be\/fr\/wp-json\/wp\/v2\/product\/18851","targetHints":{"allow":["GET"]}}],"collection":[{"href":"https:\/\/willyvastiau.be\/fr\/wp-json\/wp\/v2\/product"}],"about":[{"href":"https:\/\/willyvastiau.be\/fr\/wp-json\/wp\/v2\/types\/product"}],"replies":[{"embeddable":true,"href":"https:\/\/willyvastiau.be\/fr\/wp-json\/wp\/v2\/comments?post=18851"}],"wp:featuredmedia":[{"embeddable":true,"href":"https:\/\/willyvastiau.be\/fr\/wp-json\/wp\/v2\/media\/18853"}],"wp:attachment":[{"href":"https:\/\/willyvastiau.be\/fr\/wp-json\/wp\/v2\/media?parent=18851"}],"wp:term":[{"taxonomy":"pwb-brand","embeddable":true,"href":"https:\/\/willyvastiau.be\/fr\/wp-json\/wp\/v2\/pwb-brand?post=18851"},{"taxonomy":"product_brand","embeddable":true,"href":"https:\/\/willyvastiau.be\/fr\/wp-json\/wp\/v2\/product_brand?post=18851"},{"taxonomy":"product_cat","embeddable":true,"href":"https:\/\/willyvastiau.be\/fr\/wp-json\/wp\/v2\/product_cat?post=18851"},{"taxonomy":"product_tag","embeddable":true,"href":"https:\/\/willyvastiau.be\/fr\/wp-json\/wp\/v2\/product_tag?post=18851"}],"curies":[{"name":"wp","href":"https:\/\/api.w.org\/{rel}","templated":true}]}}