{"id":18863,"date":"2024-03-12T12:10:33","date_gmt":"2024-03-12T12:10:33","guid":{"rendered":"https:\/\/willyvastiau.be\/?post_type=product&#038;p=18863"},"modified":"2024-03-12T12:17:12","modified_gmt":"2024-03-12T12:17:12","slug":"fauteuil-dahlia","status":"publish","type":"product","link":"https:\/\/willyvastiau.be\/fr\/produit\/fauteuil-dahlia\/","title":{"rendered":"Fauteuil Dahlia"},"content":{"rendered":"<p>Le fauteuil inclinable pivotant Dahlia, con\u00e7u par Kebe, incarne le mariage parfait entre confort, durabilit\u00e9 et \u00e9l\u00e9gance intemporelle. Avec son rembourrage de qualit\u00e9 sup\u00e9rieure et notre mousse dynamique, il offre un confort exceptionnel qui a fait de lui l&rsquo;un de nos best-sellers les plus pris\u00e9s.<\/p>\n<p>Son design classique ajoute une touche chic \u00e0 tout espace de vie, tandis que ses fonctionnalit\u00e9s pratiques, telles que le pi\u00e8tement pivotant et le m\u00e9canisme d&rsquo;inclinaison push-back fluide, en font un choix id\u00e9al pour la d\u00e9tente. Disponible avec un cadre au rev\u00eatement noir ou chrom\u00e9, le fauteuil Dahlia est \u00e9galement propos\u00e9 en diff\u00e9rentes options de rev\u00eatement : en cuir noir classique pour un look fabuleux, ou en tissu feutr\u00e9 ou velours noisette pour une ambiance douillette.<\/p>\n<p>Pour une relaxation ultime, vous pouvez m\u00eame ajouter le repose-pied assorti, cr\u00e9ant ainsi un ensemble \u00e9l\u00e9gant et confortable pour votre espace de d\u00e9tente. Avec une garantie de 10 ans sur notre mousse dynamique, les ressorts et le cadre int\u00e9rieur, le fauteuil Dahlia de Kebe est un investissement durable dans votre confort et votre style de vie.<\/p>\n","protected":false},"excerpt":{"rendered":"<p>Le fauteuil inclinable pivotant Dahlia de Kebe est \u00e0 la fois confortable et robuste, avec un rembourrage de qualit\u00e9 sup\u00e9rieure et une mousse dynamique. Son design \u00e9l\u00e9gant et ses fonctionnalit\u00e9s pratiques en font un best-seller incontournable. Disponible avec un cadre noir ou chrom\u00e9, et en cuir noir classique ou en tissu feutr\u00e9 ou velours noisette, il est assorti d&rsquo;une garantie de 10 ans sur ses composants cl\u00e9s.<\/p>\n","protected":false},"featured_media":18867,"comment_status":"open","ping_status":"closed","template":"","meta":{"inline_featured_image":false},"pwb-brand":[1086],"product_brand":[],"product_cat":[87],"product_tag":[],"class_list":{"0":"post-18863","1":"product","2":"type-product","3":"status-publish","4":"has-post-thumbnail","6":"pwb-brand-kebe","7":"product_cat-fauteuil","9":"first","10":"instock","11":"shipping-taxable","12":"product-type-simple"},"aioseo_notices":[],"brands":[{"id":1086,"name":"KEBE","slug":"kebe"}],"_links":{"self":[{"href":"https:\/\/willyvastiau.be\/fr\/wp-json\/wp\/v2\/product\/18863","targetHints":{"allow":["GET"]}}],"collection":[{"href":"https:\/\/willyvastiau.be\/fr\/wp-json\/wp\/v2\/product"}],"about":[{"href":"https:\/\/willyvastiau.be\/fr\/wp-json\/wp\/v2\/types\/product"}],"replies":[{"embeddable":true,"href":"https:\/\/willyvastiau.be\/fr\/wp-json\/wp\/v2\/comments?post=18863"}],"wp:featuredmedia":[{"embeddable":true,"href":"https:\/\/willyvastiau.be\/fr\/wp-json\/wp\/v2\/media\/18867"}],"wp:attachment":[{"href":"https:\/\/willyvastiau.be\/fr\/wp-json\/wp\/v2\/media?parent=18863"}],"wp:term":[{"taxonomy":"pwb-brand","embeddable":true,"href":"https:\/\/willyvastiau.be\/fr\/wp-json\/wp\/v2\/pwb-brand?post=18863"},{"taxonomy":"product_brand","embeddable":true,"href":"https:\/\/willyvastiau.be\/fr\/wp-json\/wp\/v2\/product_brand?post=18863"},{"taxonomy":"product_cat","embeddable":true,"href":"https:\/\/willyvastiau.be\/fr\/wp-json\/wp\/v2\/product_cat?post=18863"},{"taxonomy":"product_tag","embeddable":true,"href":"https:\/\/willyvastiau.be\/fr\/wp-json\/wp\/v2\/product_tag?post=18863"}],"curies":[{"name":"wp","href":"https:\/\/api.w.org\/{rel}","templated":true}]}}