{"id":18924,"date":"2024-03-21T11:25:19","date_gmt":"2024-03-21T11:25:19","guid":{"rendered":"https:\/\/willyvastiau.be\/?post_type=product&#038;p=18924"},"modified":"2024-03-21T11:31:58","modified_gmt":"2024-03-21T11:31:58","slug":"fauteuil-glove","status":"publish","type":"product","link":"https:\/\/willyvastiau.be\/fr\/produit\/fauteuil-glove\/","title":{"rendered":"Fauteuil Glove"},"content":{"rendered":"<p>Le fauteuil inclinable Glove, fruit du design raffin\u00e9 de Kebe, incarne l&rsquo;\u00e9l\u00e9gance scandinave dans toute sa splendeur. Sa conception soigneusement pens\u00e9e, avec un dossier rembourr\u00e9 et des coutures horizontales, offre un confort exceptionnel ainsi qu&rsquo;un excellent soutien du dos, parfait pour les moments de d\u00e9tente et de relaxation.<\/p>\n<p>Ce qui distingue le fauteuil Glove, c&rsquo;est son \u00e9quilibre parfait entre un design classique et des tendances contemporaines. Il s&rsquo;int\u00e8gre harmonieusement \u00e0 n&rsquo;importe quel d\u00e9cor int\u00e9rieur, ajoutant une touche de sophistication et de chaleur \u00e0 chaque pi\u00e8ce. Disponible en cuir ou en tissu, dans une palette de couleurs allant des teintes vibrantes et chaudes aux nuances froides et neutres, le Glove peut \u00eatre personnalis\u00e9 pour correspondre \u00e0 votre style personnel et \u00e0 vos pr\u00e9f\u00e9rences esth\u00e9tiques.<\/p>\n<p>Dot\u00e9 d&rsquo;un pi\u00e8tement pivotant offrant une gamme compl\u00e8te de mouvements, le fauteuil Glove procure une grande intimit\u00e9 pour se pr\u00e9lasser, se relaxer ou lire. Pour une exp\u00e9rience de d\u00e9tente ultime, vous pouvez \u00e9galement ajouter le repose-pied assorti, cr\u00e9ant ainsi un ensemble chic et fonctionnel pour votre espace de vie.<\/p>\n<p>Avec la garantie Kebe de 10 ans sur sa mousse dynamique, ses ressorts et son cadre int\u00e9rieur, vous pouvez avoir l&rsquo;assurance que le fauteuil Glove vous procurera des ann\u00e9es de confort et de satisfaction. En r\u00e9sum\u00e9, le fauteuil inclinable Glove est bien plus qu&rsquo;un simple meuble : c&rsquo;est une d\u00e9claration de style et de confort dans votre maison, o\u00f9 la fonctionnalit\u00e9 rencontre l&rsquo;esth\u00e9tique avec \u00e9l\u00e9gance.<\/p>\n","protected":false},"excerpt":{"rendered":"<p>Le fauteuil inclinable Glove, con\u00e7u par Kebe, ajoute une touche scandinave \u00e9l\u00e9gante \u00e0 tout int\u00e9rieur. Avec son dossier rembourr\u00e9 et ses coutures horizontales, il offre un excellent soutien du dos, tandis que son pi\u00e8tement pivotant permet une gamme compl\u00e8te de mouvements. Ajoutez-y le repose-pied assorti pour un ensemble chic.<\/p>\n","protected":false},"featured_media":18926,"comment_status":"open","ping_status":"closed","template":"","meta":{"inline_featured_image":false},"pwb-brand":[1086],"product_brand":[],"product_cat":[87],"product_tag":[],"class_list":{"0":"post-18924","1":"product","2":"type-product","3":"status-publish","4":"has-post-thumbnail","6":"pwb-brand-kebe","7":"product_cat-fauteuil","9":"first","10":"instock","11":"shipping-taxable","12":"product-type-simple"},"aioseo_notices":[],"brands":[{"id":1086,"name":"KEBE","slug":"kebe"}],"_links":{"self":[{"href":"https:\/\/willyvastiau.be\/fr\/wp-json\/wp\/v2\/product\/18924","targetHints":{"allow":["GET"]}}],"collection":[{"href":"https:\/\/willyvastiau.be\/fr\/wp-json\/wp\/v2\/product"}],"about":[{"href":"https:\/\/willyvastiau.be\/fr\/wp-json\/wp\/v2\/types\/product"}],"replies":[{"embeddable":true,"href":"https:\/\/willyvastiau.be\/fr\/wp-json\/wp\/v2\/comments?post=18924"}],"wp:featuredmedia":[{"embeddable":true,"href":"https:\/\/willyvastiau.be\/fr\/wp-json\/wp\/v2\/media\/18926"}],"wp:attachment":[{"href":"https:\/\/willyvastiau.be\/fr\/wp-json\/wp\/v2\/media?parent=18924"}],"wp:term":[{"taxonomy":"pwb-brand","embeddable":true,"href":"https:\/\/willyvastiau.be\/fr\/wp-json\/wp\/v2\/pwb-brand?post=18924"},{"taxonomy":"product_brand","embeddable":true,"href":"https:\/\/willyvastiau.be\/fr\/wp-json\/wp\/v2\/product_brand?post=18924"},{"taxonomy":"product_cat","embeddable":true,"href":"https:\/\/willyvastiau.be\/fr\/wp-json\/wp\/v2\/product_cat?post=18924"},{"taxonomy":"product_tag","embeddable":true,"href":"https:\/\/willyvastiau.be\/fr\/wp-json\/wp\/v2\/product_tag?post=18924"}],"curies":[{"name":"wp","href":"https:\/\/api.w.org\/{rel}","templated":true}]}}