{"id":18949,"date":"2024-03-21T12:27:01","date_gmt":"2024-03-21T12:27:01","guid":{"rendered":"https:\/\/willyvastiau.be\/?post_type=product&#038;p=18949"},"modified":"2024-03-21T12:30:18","modified_gmt":"2024-03-21T12:30:18","slug":"fauteuil-jola","status":"publish","type":"product","link":"https:\/\/willyvastiau.be\/fr\/produit\/fauteuil-jola\/","title":{"rendered":"Fauteuil Jola"},"content":{"rendered":"<p>Le fauteuil inclinable Jola, con\u00e7u par Kebe, est un exemple parfait de mariage entre fonctionnalit\u00e9 et esth\u00e9tique nordique. Dot\u00e9 d&rsquo;un pi\u00e8tement pivotant, ce fauteuil offre une grande libert\u00e9 de mouvement dans votre salon, vous permettant de trouver facilement la position id\u00e9ale pour vous d\u00e9tendre.<\/p>\n<p>Son m\u00e9canisme d&rsquo;inclinaison push-back, sans leviers ni cordons visibles, ajoute \u00e0 son esth\u00e9tique \u00e9pur\u00e9e tout en offrant un confort optimal. Que vous souhaitiez vous incliner l\u00e9g\u00e8rement pour lire ou vous allonger compl\u00e8tement pour une sieste, le fauteuil Jola s&rsquo;adapte \u00e0 vos d\u00e9sirs.<\/p>\n<p>Disponible avec ou sans repose-pied assorti, et dans une vari\u00e9t\u00e9 de mat\u00e9riaux comme le cuir ou le tissu, ainsi qu&rsquo;une gamme \u00e9tendue de couleurs, du vieux rose au cuir neutre, le Jola peut \u00eatre personnalis\u00e9 pour correspondre \u00e0 votre style et \u00e0 votre d\u00e9coration int\u00e9rieure.<\/p>\n<p>Avec une garantie de 10 ans sur sa mousse dynamique, son cadre int\u00e9rieur et ses ressorts, le fauteuil Jola offre non seulement un confort exceptionnel, mais aussi une durabilit\u00e9 \u00e0 long terme. En r\u00e9sum\u00e9, le fauteuil inclinable Jola est le choix id\u00e9al pour ceux qui recherchent un m\u00e9lange parfait de style et de fonctionnalit\u00e9 dans leur salon.<\/p>\n","protected":false},"excerpt":{"rendered":"<p>Le fauteuil inclinable Jola de Kebe est un meuble pivotant qui s&rsquo;int\u00e8gre parfaitement dans n&rsquo;importe quel salon. Son m\u00e9canisme d&rsquo;inclinaison push-back offre un confort sans compromis, sans compromettre son design nordique \u00e9pur\u00e9.<\/p>\n","protected":false},"featured_media":18951,"comment_status":"open","ping_status":"closed","template":"","meta":{"inline_featured_image":false},"pwb-brand":[1086],"product_brand":[],"product_cat":[87],"product_tag":[],"class_list":{"0":"post-18949","1":"product","2":"type-product","3":"status-publish","4":"has-post-thumbnail","6":"pwb-brand-kebe","7":"product_cat-fauteuil","9":"first","10":"instock","11":"shipping-taxable","12":"product-type-simple"},"aioseo_notices":[],"brands":[{"id":1086,"name":"KEBE","slug":"kebe"}],"_links":{"self":[{"href":"https:\/\/willyvastiau.be\/fr\/wp-json\/wp\/v2\/product\/18949","targetHints":{"allow":["GET"]}}],"collection":[{"href":"https:\/\/willyvastiau.be\/fr\/wp-json\/wp\/v2\/product"}],"about":[{"href":"https:\/\/willyvastiau.be\/fr\/wp-json\/wp\/v2\/types\/product"}],"replies":[{"embeddable":true,"href":"https:\/\/willyvastiau.be\/fr\/wp-json\/wp\/v2\/comments?post=18949"}],"wp:featuredmedia":[{"embeddable":true,"href":"https:\/\/willyvastiau.be\/fr\/wp-json\/wp\/v2\/media\/18951"}],"wp:attachment":[{"href":"https:\/\/willyvastiau.be\/fr\/wp-json\/wp\/v2\/media?parent=18949"}],"wp:term":[{"taxonomy":"pwb-brand","embeddable":true,"href":"https:\/\/willyvastiau.be\/fr\/wp-json\/wp\/v2\/pwb-brand?post=18949"},{"taxonomy":"product_brand","embeddable":true,"href":"https:\/\/willyvastiau.be\/fr\/wp-json\/wp\/v2\/product_brand?post=18949"},{"taxonomy":"product_cat","embeddable":true,"href":"https:\/\/willyvastiau.be\/fr\/wp-json\/wp\/v2\/product_cat?post=18949"},{"taxonomy":"product_tag","embeddable":true,"href":"https:\/\/willyvastiau.be\/fr\/wp-json\/wp\/v2\/product_tag?post=18949"}],"curies":[{"name":"wp","href":"https:\/\/api.w.org\/{rel}","templated":true}]}}