{"id":18967,"date":"2024-03-21T12:37:47","date_gmt":"2024-03-21T12:37:47","guid":{"rendered":"https:\/\/willyvastiau.be\/?post_type=product&#038;p=18967"},"modified":"2024-03-21T12:40:13","modified_gmt":"2024-03-21T12:40:13","slug":"fauteuil-lotus-plus","status":"publish","type":"product","link":"https:\/\/willyvastiau.be\/fr\/produit\/fauteuil-lotus-plus\/","title":{"rendered":"Fauteuil Lotus Plus"},"content":{"rendered":"<p>Le fauteuil inclinable Lotus Plus allie \u00e9l\u00e9gance et durabilit\u00e9, offrant un confort sup\u00e9rieur et une fonctionnalit\u00e9 accrue. Son appui-t\u00eate r\u00e9glable en hauteur est un atout majeur, permettant de maintenir votre t\u00eate et votre cou soutenus tout en regardant vers l&rsquo;avant, ce qui est particuli\u00e8rement b\u00e9n\u00e9fique lorsque vous regardez la t\u00e9l\u00e9vision ou lisez un livre en position inclin\u00e9e.<\/p>\n<p>Dot\u00e9 d&rsquo;un support stable et d&rsquo;un pied pivotant, le Lotus Plus offre une exp\u00e9rience de relaxation compl\u00e8te. Son design simple et intemporel lui permet de s&rsquo;int\u00e9grer harmonieusement \u00e0 n&rsquo;importe quel d\u00e9cor, ajoutant une touche d&rsquo;\u00e9l\u00e9gance classique \u00e0 votre espace de vie. La construction robuste de ce fauteuil inclinable est garantie par une garantie de 10 ans sur la mousse dynamique, le cadre int\u00e9rieur et les ressorts, vous assurant ainsi une tranquillit\u00e9 d&rsquo;esprit quant \u00e0 sa durabilit\u00e9 \u00e0 long terme.<\/p>\n<p>Pour un ensemble de relaxation complet, vous pouvez ajouter un repose-pied assorti au Lotus Plus, cr\u00e9ant ainsi un espace confortable et \u00e9l\u00e9gant o\u00f9 vous pourrez vous d\u00e9tendre et vous ressourcer apr\u00e8s une longue journ\u00e9e. En r\u00e9sum\u00e9, le Lotus Plus est un choix id\u00e9al pour ceux qui recherchent un fauteuil inclinable \u00e0 la fois fonctionnel, confortable et esth\u00e9tique, offrant une exp\u00e9rience de relaxation ultime dans n&rsquo;importe quel environnement domestique.<\/p>\n","protected":false},"excerpt":{"rendered":"<p>Le Lotus Plus est un fauteuil inclinable \u00e9l\u00e9gant et r\u00e9sistant dot\u00e9 d&rsquo;un appui-t\u00eate r\u00e9glable en hauteur pour un confort personnalis\u00e9. Avec son design simple et son support stable, il s&rsquo;int\u00e8gre parfaitement \u00e0 tout d\u00e9cor. Livr\u00e9 avec une garantie de 10 ans, il offre une relaxation ultime, surtout lorsqu&rsquo;il est associ\u00e9 \u00e0 un repose-pied assorti.<\/p>\n","protected":false},"featured_media":18968,"comment_status":"open","ping_status":"closed","template":"","meta":{"inline_featured_image":false},"pwb-brand":[1086],"product_brand":[],"product_cat":[87],"product_tag":[],"class_list":{"0":"post-18967","1":"product","2":"type-product","3":"status-publish","4":"has-post-thumbnail","6":"pwb-brand-kebe","7":"product_cat-fauteuil","9":"first","10":"instock","11":"shipping-taxable","12":"product-type-simple"},"aioseo_notices":[],"brands":[{"id":1086,"name":"KEBE","slug":"kebe"}],"_links":{"self":[{"href":"https:\/\/willyvastiau.be\/fr\/wp-json\/wp\/v2\/product\/18967","targetHints":{"allow":["GET"]}}],"collection":[{"href":"https:\/\/willyvastiau.be\/fr\/wp-json\/wp\/v2\/product"}],"about":[{"href":"https:\/\/willyvastiau.be\/fr\/wp-json\/wp\/v2\/types\/product"}],"replies":[{"embeddable":true,"href":"https:\/\/willyvastiau.be\/fr\/wp-json\/wp\/v2\/comments?post=18967"}],"wp:featuredmedia":[{"embeddable":true,"href":"https:\/\/willyvastiau.be\/fr\/wp-json\/wp\/v2\/media\/18968"}],"wp:attachment":[{"href":"https:\/\/willyvastiau.be\/fr\/wp-json\/wp\/v2\/media?parent=18967"}],"wp:term":[{"taxonomy":"pwb-brand","embeddable":true,"href":"https:\/\/willyvastiau.be\/fr\/wp-json\/wp\/v2\/pwb-brand?post=18967"},{"taxonomy":"product_brand","embeddable":true,"href":"https:\/\/willyvastiau.be\/fr\/wp-json\/wp\/v2\/product_brand?post=18967"},{"taxonomy":"product_cat","embeddable":true,"href":"https:\/\/willyvastiau.be\/fr\/wp-json\/wp\/v2\/product_cat?post=18967"},{"taxonomy":"product_tag","embeddable":true,"href":"https:\/\/willyvastiau.be\/fr\/wp-json\/wp\/v2\/product_tag?post=18967"}],"curies":[{"name":"wp","href":"https:\/\/api.w.org\/{rel}","templated":true}]}}