{"id":18972,"date":"2024-03-21T12:43:05","date_gmt":"2024-03-21T12:43:05","guid":{"rendered":"https:\/\/willyvastiau.be\/?post_type=product&#038;p=18972"},"modified":"2024-03-21T12:45:37","modified_gmt":"2024-03-21T12:45:37","slug":"fauteuil-magnolia","status":"publish","type":"product","link":"https:\/\/willyvastiau.be\/fr\/produit\/fauteuil-magnolia\/","title":{"rendered":"Fauteuil Magnolia"},"content":{"rendered":"<p>Le fauteuil Magnolia HB est bien plus qu&rsquo;un simple meuble d&rsquo;appoint. Avec son design angulaire distinctif, son dossier haut et son assise g\u00e9n\u00e9reusement rembourr\u00e9e, il ajoute une touche d&rsquo;\u00e9l\u00e9gance \u00e0 chaque pi\u00e8ce o\u00f9 il est plac\u00e9. Que vous souhaitiez vous d\u00e9tendre en regardant la t\u00e9l\u00e9vision ou simplement vous reposer apr\u00e8s une longue journ\u00e9e, ce fauteuil offre un confort sup\u00e9rieur et un espace spacieux pour le faire.<\/p>\n<p>Ce qui distingue particuli\u00e8rement le Magnolia HB, c&rsquo;est son rembourrage en mousse dynamique de haute qualit\u00e9, qui garantit \u00e0 la fois confort et durabilit\u00e9. Gr\u00e2ce \u00e0 cette mousse sp\u00e9ciale, le fauteuil conserve sa forme et sa souplesse ann\u00e9e apr\u00e8s ann\u00e9e, assurant ainsi une exp\u00e9rience de confort durable. De plus, avec une garantie de 10 ans sur le rembourrage en mousse dynamique, le cadre int\u00e9rieur et les ressorts, vous pouvez \u00eatre assur\u00e9 de sa qualit\u00e9 et de sa long\u00e9vit\u00e9.<\/p>\n<p>En plus de ses qualit\u00e9s fonctionnelles et durables, le Magnolia HB est \u00e9galement respectueux de l&rsquo;environnement. Il est disponible dans une gamme de rev\u00eatements, y compris notre nouvelle gamme de mat\u00e9riaux fabriqu\u00e9s \u00e0 partir de bouteilles RPET recycl\u00e9es, offrant ainsi une option \u00e9cologique pour votre mobilier. En r\u00e9sum\u00e9, le fauteuil Magnolia HB est un choix parfait pour ceux qui recherchent \u00e0 la fois style, confort et durabilit\u00e9 dans leur mobilier, ajoutant une touche de sophistication \u00e0 tout espace de vie.<\/p>\n","protected":false},"excerpt":{"rendered":"<p>Le fauteuil Magnolia HB est un compl\u00e9ment chic pour toutes les pi\u00e8ces, caract\u00e9ris\u00e9 par son design angulaire et son dossier haut. Avec son assise confortablement rembourr\u00e9e et sa base pivotante, il offre un espace g\u00e9n\u00e9reux pour se d\u00e9tendre. Fabriqu\u00e9 avec notre mousse dynamique durable, il conserve sa forme et son confort ann\u00e9e apr\u00e8s ann\u00e9e. Garanti 10 ans, il est disponible dans une vari\u00e9t\u00e9 de rev\u00eatements, y compris des mat\u00e9riaux respectueux de l&rsquo;environnement.<\/p>\n<p>&nbsp;<\/p>\n","protected":false},"featured_media":18974,"comment_status":"open","ping_status":"closed","template":"","meta":{"inline_featured_image":false},"pwb-brand":[1086],"product_brand":[],"product_cat":[87],"product_tag":[],"class_list":{"0":"post-18972","1":"product","2":"type-product","3":"status-publish","4":"has-post-thumbnail","6":"pwb-brand-kebe","7":"product_cat-fauteuil","9":"first","10":"instock","11":"shipping-taxable","12":"product-type-simple"},"aioseo_notices":[],"brands":[{"id":1086,"name":"KEBE","slug":"kebe"}],"_links":{"self":[{"href":"https:\/\/willyvastiau.be\/fr\/wp-json\/wp\/v2\/product\/18972","targetHints":{"allow":["GET"]}}],"collection":[{"href":"https:\/\/willyvastiau.be\/fr\/wp-json\/wp\/v2\/product"}],"about":[{"href":"https:\/\/willyvastiau.be\/fr\/wp-json\/wp\/v2\/types\/product"}],"replies":[{"embeddable":true,"href":"https:\/\/willyvastiau.be\/fr\/wp-json\/wp\/v2\/comments?post=18972"}],"wp:featuredmedia":[{"embeddable":true,"href":"https:\/\/willyvastiau.be\/fr\/wp-json\/wp\/v2\/media\/18974"}],"wp:attachment":[{"href":"https:\/\/willyvastiau.be\/fr\/wp-json\/wp\/v2\/media?parent=18972"}],"wp:term":[{"taxonomy":"pwb-brand","embeddable":true,"href":"https:\/\/willyvastiau.be\/fr\/wp-json\/wp\/v2\/pwb-brand?post=18972"},{"taxonomy":"product_brand","embeddable":true,"href":"https:\/\/willyvastiau.be\/fr\/wp-json\/wp\/v2\/product_brand?post=18972"},{"taxonomy":"product_cat","embeddable":true,"href":"https:\/\/willyvastiau.be\/fr\/wp-json\/wp\/v2\/product_cat?post=18972"},{"taxonomy":"product_tag","embeddable":true,"href":"https:\/\/willyvastiau.be\/fr\/wp-json\/wp\/v2\/product_tag?post=18972"}],"curies":[{"name":"wp","href":"https:\/\/api.w.org\/{rel}","templated":true}]}}