{"id":19076,"date":"2024-04-26T14:29:29","date_gmt":"2024-04-26T14:29:29","guid":{"rendered":"https:\/\/willyvastiau.be\/?post_type=product&#038;p=19076"},"modified":"2024-04-26T14:33:45","modified_gmt":"2024-04-26T14:33:45","slug":"salle-a-manger-levanzo","status":"publish","type":"product","link":"https:\/\/willyvastiau.be\/fr\/produit\/salle-a-manger-levanzo\/","title":{"rendered":"Salle \u00e0 manger LEVANZO"},"content":{"rendered":"<p>Fabriqu\u00e9e avec un souci du d\u00e9tail et un engagement envers la qualit\u00e9, la collection LEVANZO en ch\u00eane blond offre une gamme compl\u00e8te de meubles, comprenant des armoires, des buffets et des meubles TV de diff\u00e9rentes tailles. Chaque pi\u00e8ce est r\u00e9alis\u00e9e en Lamulux, un mat\u00e9riau r\u00e9put\u00e9 pour sa robustesse et sa r\u00e9sistance aux rayures, garantissant ainsi une durabilit\u00e9 exceptionnelle qui r\u00e9siste \u00e0 l&rsquo;\u00e9preuve du temps.<\/p>\n<p>L&rsquo;esth\u00e9tique \u00e9pur\u00e9e de la salle \u00e0 manger LEVANZO est accentu\u00e9e par l&rsquo;absence de poign\u00e9es sur les portes et les tiroirs, cr\u00e9ant ainsi une apparence minimaliste et moderne. De plus, les armoires murales et les vitrines sont \u00e9quip\u00e9es d&rsquo;un \u00e9clairage LED int\u00e9gr\u00e9 en standard, ajoutant une touche d&rsquo;\u00e9l\u00e9gance et mettant en valeur vos objets de d\u00e9coration pr\u00e9f\u00e9r\u00e9s.<\/p>\n<p>Que ce soit pour des repas en famille, des soir\u00e9es entre amis ou des moments de d\u00e9tente, la salle \u00e0 manger LEVANZO offre un espace accueillant et fonctionnel o\u00f9 le confort et le style se rencontrent harmonieusement. Transformez votre espace de vie en un sanctuaire de sophistication avec la collection LEVANZO, o\u00f9 la beaut\u00e9 et la praticit\u00e9 se rejoignent pour cr\u00e9er une exp\u00e9rience de vie in\u00e9gal\u00e9e.<\/p>\n","protected":false},"excerpt":{"rendered":"<p>D\u00e9couvrez l&rsquo;\u00e9l\u00e9gance intemporelle et la fonctionnalit\u00e9 remarquable de la salle \u00e0 manger LEVANZO, un nouveau chef-d&rsquo;\u0153uvre de design habitation dans le mat\u00e9riau bien connu Lamulux. Inspir\u00e9 par le style scandinave, ce programme d&rsquo;habitation apporte une touche de raffinement nordique \u00e0 tout int\u00e9rieur, s&rsquo;adaptant harmonieusement \u00e0 une vari\u00e9t\u00e9 de styles de d\u00e9coration.<\/p>\n<p>&nbsp;<\/p>\n","protected":false},"featured_media":19081,"comment_status":"open","ping_status":"closed","template":"","meta":{"inline_featured_image":false},"pwb-brand":[1065],"product_brand":[],"product_cat":[77,90],"product_tag":[],"class_list":{"0":"post-19076","1":"product","2":"type-product","3":"status-publish","4":"has-post-thumbnail","6":"pwb-brand-maxfurn","7":"product_cat-salon","8":"product_cat-table-basse","10":"first","11":"instock","12":"shipping-taxable","13":"product-type-simple"},"aioseo_notices":[],"brands":[{"id":1065,"name":"Maxfurn","slug":"maxfurn"}],"_links":{"self":[{"href":"https:\/\/willyvastiau.be\/fr\/wp-json\/wp\/v2\/product\/19076","targetHints":{"allow":["GET"]}}],"collection":[{"href":"https:\/\/willyvastiau.be\/fr\/wp-json\/wp\/v2\/product"}],"about":[{"href":"https:\/\/willyvastiau.be\/fr\/wp-json\/wp\/v2\/types\/product"}],"replies":[{"embeddable":true,"href":"https:\/\/willyvastiau.be\/fr\/wp-json\/wp\/v2\/comments?post=19076"}],"wp:featuredmedia":[{"embeddable":true,"href":"https:\/\/willyvastiau.be\/fr\/wp-json\/wp\/v2\/media\/19081"}],"wp:attachment":[{"href":"https:\/\/willyvastiau.be\/fr\/wp-json\/wp\/v2\/media?parent=19076"}],"wp:term":[{"taxonomy":"pwb-brand","embeddable":true,"href":"https:\/\/willyvastiau.be\/fr\/wp-json\/wp\/v2\/pwb-brand?post=19076"},{"taxonomy":"product_brand","embeddable":true,"href":"https:\/\/willyvastiau.be\/fr\/wp-json\/wp\/v2\/product_brand?post=19076"},{"taxonomy":"product_cat","embeddable":true,"href":"https:\/\/willyvastiau.be\/fr\/wp-json\/wp\/v2\/product_cat?post=19076"},{"taxonomy":"product_tag","embeddable":true,"href":"https:\/\/willyvastiau.be\/fr\/wp-json\/wp\/v2\/product_tag?post=19076"}],"curies":[{"name":"wp","href":"https:\/\/api.w.org\/{rel}","templated":true}]}}