{"id":457,"date":"2023-11-08T12:26:44","date_gmt":"2023-11-08T12:26:44","guid":{"rendered":"https:\/\/willyvastiau.be\/?post_type=product&#038;p=457"},"modified":"2023-11-09T09:52:17","modified_gmt":"2023-11-09T09:52:17","slug":"boxspring-north","status":"publish","type":"product","link":"https:\/\/willyvastiau.be\/fr\/produit\/boxspring-north\/","title":{"rendered":"Boxspring North"},"content":{"rendered":"<p>Le lit North est disponible en deux tailles diff\u00e9rentes, offrant \u00e9galement le choix entre une version plate et une version r\u00e9glable pour r\u00e9pondre \u00e0 vos pr\u00e9f\u00e9rences.<\/p>\n<p>Le lit continental North est propos\u00e9 en gris pierre et se compose d&rsquo;une t\u00eate de lit au design \u00e9l\u00e9gant, d&rsquo;un matelas double North Sensation et d&rsquo;un surmatelas double Sensation.<\/p>\n<p>Le lit r\u00e9glable North est disponible en gris graphite et se compose d&rsquo;une t\u00eate de lit au design soign\u00e9, de deux matelas simples North Sensation et de deux surmatelas simples Sensation.<\/p>\n<p>Les matelas North Sensation et les surmatelas North Sensation offrent un confort de couchage de fermet\u00e9 moyenne, adapt\u00e9 \u00e0 la plupart des types de dormeurs.<\/p>\n","protected":false},"excerpt":{"rendered":"<p>Le Lit North est un ensemble de literie complet qui cr\u00e9e l&rsquo;illusion d&rsquo;une suspension dans les airs. Ses lignes courbes et la disposition unique de ses pieds conf\u00e8rent \u00e0 ce lit une apparence l\u00e9g\u00e8re, en parfaite harmonie avec les propri\u00e9t\u00e9s du mat\u00e9riau TEMPUR\u00ae. De plus, une grande minutie a \u00e9t\u00e9 accord\u00e9e aux d\u00e9tails lors de la conception de ce lit. Le tissu finement tiss\u00e9 est \u00e0 la fois doux au toucher et d&rsquo;une grande robustesse.<\/p>\n","protected":false},"featured_media":458,"comment_status":"open","ping_status":"closed","template":"","meta":{"inline_featured_image":false},"pwb-brand":[304],"product_brand":[],"product_cat":[105,111,80,81],"product_tag":[],"class_list":{"0":"post-457","1":"product","2":"type-product","3":"status-publish","4":"has-post-thumbnail","6":"pwb-brand-tempur","7":"product_cat-boxspring","8":"product_cat-boxspring-literie","9":"product_cat-chambre-a-coucher","10":"product_cat-literie","12":"first","13":"instock","14":"shipping-taxable","15":"product-type-simple"},"aioseo_notices":[],"brands":[{"id":304,"name":"Tempur","slug":"tempur"}],"_links":{"self":[{"href":"https:\/\/willyvastiau.be\/fr\/wp-json\/wp\/v2\/product\/457","targetHints":{"allow":["GET"]}}],"collection":[{"href":"https:\/\/willyvastiau.be\/fr\/wp-json\/wp\/v2\/product"}],"about":[{"href":"https:\/\/willyvastiau.be\/fr\/wp-json\/wp\/v2\/types\/product"}],"replies":[{"embeddable":true,"href":"https:\/\/willyvastiau.be\/fr\/wp-json\/wp\/v2\/comments?post=457"}],"wp:featuredmedia":[{"embeddable":true,"href":"https:\/\/willyvastiau.be\/fr\/wp-json\/wp\/v2\/media\/458"}],"wp:attachment":[{"href":"https:\/\/willyvastiau.be\/fr\/wp-json\/wp\/v2\/media?parent=457"}],"wp:term":[{"taxonomy":"pwb-brand","embeddable":true,"href":"https:\/\/willyvastiau.be\/fr\/wp-json\/wp\/v2\/pwb-brand?post=457"},{"taxonomy":"product_brand","embeddable":true,"href":"https:\/\/willyvastiau.be\/fr\/wp-json\/wp\/v2\/product_brand?post=457"},{"taxonomy":"product_cat","embeddable":true,"href":"https:\/\/willyvastiau.be\/fr\/wp-json\/wp\/v2\/product_cat?post=457"},{"taxonomy":"product_tag","embeddable":true,"href":"https:\/\/willyvastiau.be\/fr\/wp-json\/wp\/v2\/product_tag?post=457"}],"curies":[{"name":"wp","href":"https:\/\/api.w.org\/{rel}","templated":true}]}}