{"id":523,"date":"2023-11-08T13:33:16","date_gmt":"2023-11-08T13:33:16","guid":{"rendered":"https:\/\/willyvastiau.be\/?post_type=product&#038;p=523"},"modified":"2023-11-09T09:52:05","modified_gmt":"2023-11-09T09:52:05","slug":"oreiller-ombracio","status":"publish","type":"product","link":"https:\/\/willyvastiau.be\/fr\/produit\/oreiller-ombracio\/","title":{"rendered":"Oreiller Ombracio"},"content":{"rendered":"","protected":false},"excerpt":{"rendered":"<p>L&rsquo;oreiller TEMPUR Ombracio SmartCool\u2122 offre un soutien personnalis\u00e9 et une agr\u00e9able sensation de fra\u00eecheur. Bas\u00e9 sur la technologie de la NASA et perfectionn\u00e9 pour une nuit de sommeil optimale, notre oreiller Ombracio est fabriqu\u00e9 avec le mat\u00e9riau TEMPUR\u00ae. \u00c0 l&rsquo;int\u00e9rieur, d&rsquo;innombrables cellules ultra-sensibles s&rsquo;ajustent avec pr\u00e9cision \u00e0 vos courbes naturelles pour soulager les points de pression. Notre housse innovante SmartCool\u2122 Technology est douce au toucher et contribue \u00e0 r\u00e9guler l&rsquo;exc\u00e8s de chaleur, vous offrant une sensation de fra\u00eecheur d\u00e8s le moment o\u00f9 vous vous allongez.<\/p>\n<p>Cet oreiller est id\u00e9al pour les dormeurs sur le ventre ou ceux qui serrent leur oreiller. Sa forme distinctive en tr\u00e8fle \u00e0 quatre feuilles s&rsquo;harmonise naturellement avec votre corps, en soutenant doucement vos \u00e9paules pour un confort, un soutien et une respirabilit\u00e9 optimaux. D\u00e9couvrez l&rsquo;\u00e9quilibre parfait entre confort et soutien, et profitez d&rsquo;une nuit de sommeil v\u00e9ritablement r\u00e9paratrice.<\/p>\n","protected":false},"featured_media":524,"comment_status":"open","ping_status":"closed","template":"","meta":{"inline_featured_image":false},"pwb-brand":[304],"product_brand":[],"product_cat":[81,305],"product_tag":[],"class_list":{"0":"post-523","1":"product","2":"type-product","3":"status-publish","4":"has-post-thumbnail","6":"pwb-brand-tempur","7":"product_cat-literie","8":"product_cat-oreiller","10":"first","11":"instock","12":"shipping-taxable","13":"product-type-simple"},"aioseo_notices":[],"brands":[{"id":304,"name":"Tempur","slug":"tempur"}],"_links":{"self":[{"href":"https:\/\/willyvastiau.be\/fr\/wp-json\/wp\/v2\/product\/523","targetHints":{"allow":["GET"]}}],"collection":[{"href":"https:\/\/willyvastiau.be\/fr\/wp-json\/wp\/v2\/product"}],"about":[{"href":"https:\/\/willyvastiau.be\/fr\/wp-json\/wp\/v2\/types\/product"}],"replies":[{"embeddable":true,"href":"https:\/\/willyvastiau.be\/fr\/wp-json\/wp\/v2\/comments?post=523"}],"wp:featuredmedia":[{"embeddable":true,"href":"https:\/\/willyvastiau.be\/fr\/wp-json\/wp\/v2\/media\/524"}],"wp:attachment":[{"href":"https:\/\/willyvastiau.be\/fr\/wp-json\/wp\/v2\/media?parent=523"}],"wp:term":[{"taxonomy":"pwb-brand","embeddable":true,"href":"https:\/\/willyvastiau.be\/fr\/wp-json\/wp\/v2\/pwb-brand?post=523"},{"taxonomy":"product_brand","embeddable":true,"href":"https:\/\/willyvastiau.be\/fr\/wp-json\/wp\/v2\/product_brand?post=523"},{"taxonomy":"product_cat","embeddable":true,"href":"https:\/\/willyvastiau.be\/fr\/wp-json\/wp\/v2\/product_cat?post=523"},{"taxonomy":"product_tag","embeddable":true,"href":"https:\/\/willyvastiau.be\/fr\/wp-json\/wp\/v2\/product_tag?post=523"}],"curies":[{"name":"wp","href":"https:\/\/api.w.org\/{rel}","templated":true}]}}