{"id":546,"date":"2023-11-08T14:28:31","date_gmt":"2023-11-08T14:28:31","guid":{"rendered":"https:\/\/willyvastiau.be\/?post_type=product&#038;p=546"},"modified":"2023-11-09T09:52:00","modified_gmt":"2023-11-09T09:52:00","slug":"oreiller-original","status":"publish","type":"product","link":"https:\/\/willyvastiau.be\/fr\/produit\/oreiller-original\/","title":{"rendered":"Oreiller Original"},"content":{"rendered":"","protected":false},"excerpt":{"rendered":"<p>L&rsquo;oreiller TEMPUR Original SmartCool\u2122 vous offre une exp\u00e9rience de soutien personnalis\u00e9 et de confort sur mesure in\u00e9gal\u00e9e. Fruit de la technologie de la NASA, sp\u00e9cialement adapt\u00e9e pour le sommeil, cet oreiller renferme le mat\u00e9riau TEMPUR\u00ae. \u00c0 l&rsquo;int\u00e9rieur, des milliards de cellules ultra-sensibles \u00e9pousent de mani\u00e8re pr\u00e9cise les courbes de votre t\u00eate, de votre cou et de vos \u00e9paules, procurant un confort exceptionnel et un soulagement des points de pression.<\/p>\n<p>Dot\u00e9e de notre housse innovante SmartCool\u2122 Technology, qui est agr\u00e9able au toucher et r\u00e9gule efficacement la chaleur, cet oreiller vous offre une sensation de fra\u00eecheur d\u00e8s que vous vous allongez. Il est parfaitement adapt\u00e9 aux dormeurs sur le dos ou sur le c\u00f4t\u00e9, gr\u00e2ce \u00e0 son design incurv\u00e9 embl\u00e9matique qui offre un soutien personnalis\u00e9 pr\u00e9cis\u00e9ment l\u00e0 o\u00f9 vous en avez besoin.<\/p>\n","protected":false},"featured_media":561,"comment_status":"open","ping_status":"closed","template":"","meta":{"inline_featured_image":false},"pwb-brand":[304],"product_brand":[],"product_cat":[81,305],"product_tag":[],"class_list":{"0":"post-546","1":"product","2":"type-product","3":"status-publish","4":"has-post-thumbnail","6":"pwb-brand-tempur","7":"product_cat-literie","8":"product_cat-oreiller","10":"first","11":"instock","12":"shipping-taxable","13":"product-type-simple"},"aioseo_notices":[],"brands":[{"id":304,"name":"Tempur","slug":"tempur"}],"_links":{"self":[{"href":"https:\/\/willyvastiau.be\/fr\/wp-json\/wp\/v2\/product\/546","targetHints":{"allow":["GET"]}}],"collection":[{"href":"https:\/\/willyvastiau.be\/fr\/wp-json\/wp\/v2\/product"}],"about":[{"href":"https:\/\/willyvastiau.be\/fr\/wp-json\/wp\/v2\/types\/product"}],"replies":[{"embeddable":true,"href":"https:\/\/willyvastiau.be\/fr\/wp-json\/wp\/v2\/comments?post=546"}],"wp:featuredmedia":[{"embeddable":true,"href":"https:\/\/willyvastiau.be\/fr\/wp-json\/wp\/v2\/media\/561"}],"wp:attachment":[{"href":"https:\/\/willyvastiau.be\/fr\/wp-json\/wp\/v2\/media?parent=546"}],"wp:term":[{"taxonomy":"pwb-brand","embeddable":true,"href":"https:\/\/willyvastiau.be\/fr\/wp-json\/wp\/v2\/pwb-brand?post=546"},{"taxonomy":"product_brand","embeddable":true,"href":"https:\/\/willyvastiau.be\/fr\/wp-json\/wp\/v2\/product_brand?post=546"},{"taxonomy":"product_cat","embeddable":true,"href":"https:\/\/willyvastiau.be\/fr\/wp-json\/wp\/v2\/product_cat?post=546"},{"taxonomy":"product_tag","embeddable":true,"href":"https:\/\/willyvastiau.be\/fr\/wp-json\/wp\/v2\/product_tag?post=546"}],"curies":[{"name":"wp","href":"https:\/\/api.w.org\/{rel}","templated":true}]}}