{"id":642,"date":"2023-11-08T15:48:21","date_gmt":"2023-11-08T15:48:21","guid":{"rendered":"https:\/\/willyvastiau.be\/?post_type=product&#038;p=642"},"modified":"2023-11-09T09:51:35","modified_gmt":"2023-11-09T09:51:35","slug":"oreiller-down-luxe","status":"publish","type":"product","link":"https:\/\/willyvastiau.be\/fr\/produit\/oreiller-down-luxe\/","title":{"rendered":"Oreiller Down Luxe"},"content":{"rendered":"","protected":false},"excerpt":{"rendered":"<p>L&rsquo;incarnation supr\u00eame du confort et du soutien. Le tout nouvel oreiller TEMPUR\u00ae Down Luxe repr\u00e9sente l&rsquo;apog\u00e9e du confort et du soutien. Il marie la douceur luxueuse du duvet avec le soutien adaptatif in\u00e9gal\u00e9 du mat\u00e9riau TEMPUR\u00ae, cr\u00e9ant ainsi la fusion parfaite entre la nature et la technologie, le tout r\u00e9uni dans un concept d&rsquo;oreiller dans l&rsquo;oreiller d&rsquo;exception.<\/p>\n","protected":false},"featured_media":653,"comment_status":"open","ping_status":"closed","template":"","meta":{"inline_featured_image":false},"pwb-brand":[304],"product_brand":[],"product_cat":[81,305],"product_tag":[],"class_list":{"0":"post-642","1":"product","2":"type-product","3":"status-publish","4":"has-post-thumbnail","6":"pwb-brand-tempur","7":"product_cat-literie","8":"product_cat-oreiller","10":"first","11":"instock","12":"shipping-taxable","13":"product-type-simple"},"aioseo_notices":[],"brands":[{"id":304,"name":"Tempur","slug":"tempur"}],"_links":{"self":[{"href":"https:\/\/willyvastiau.be\/fr\/wp-json\/wp\/v2\/product\/642","targetHints":{"allow":["GET"]}}],"collection":[{"href":"https:\/\/willyvastiau.be\/fr\/wp-json\/wp\/v2\/product"}],"about":[{"href":"https:\/\/willyvastiau.be\/fr\/wp-json\/wp\/v2\/types\/product"}],"replies":[{"embeddable":true,"href":"https:\/\/willyvastiau.be\/fr\/wp-json\/wp\/v2\/comments?post=642"}],"wp:featuredmedia":[{"embeddable":true,"href":"https:\/\/willyvastiau.be\/fr\/wp-json\/wp\/v2\/media\/653"}],"wp:attachment":[{"href":"https:\/\/willyvastiau.be\/fr\/wp-json\/wp\/v2\/media?parent=642"}],"wp:term":[{"taxonomy":"pwb-brand","embeddable":true,"href":"https:\/\/willyvastiau.be\/fr\/wp-json\/wp\/v2\/pwb-brand?post=642"},{"taxonomy":"product_brand","embeddable":true,"href":"https:\/\/willyvastiau.be\/fr\/wp-json\/wp\/v2\/product_brand?post=642"},{"taxonomy":"product_cat","embeddable":true,"href":"https:\/\/willyvastiau.be\/fr\/wp-json\/wp\/v2\/product_cat?post=642"},{"taxonomy":"product_tag","embeddable":true,"href":"https:\/\/willyvastiau.be\/fr\/wp-json\/wp\/v2\/product_tag?post=642"}],"curies":[{"name":"wp","href":"https:\/\/api.w.org\/{rel}","templated":true}]}}