{"id":656,"date":"2023-11-08T15:59:02","date_gmt":"2023-11-08T15:59:02","guid":{"rendered":"https:\/\/willyvastiau.be\/?post_type=product&#038;p=656"},"modified":"2023-11-09T09:51:20","modified_gmt":"2023-11-09T09:51:20","slug":"oreiller-prima","status":"publish","type":"product","link":"https:\/\/willyvastiau.be\/fr\/produit\/oreiller-prima\/","title":{"rendered":"Oreiller Prima"},"content":{"rendered":"","protected":false},"excerpt":{"rendered":"<p>Le tout nouvel oreiller TEMPUR Prima\u00ae offre un niveau exceptionnel de confort et de soutien, r\u00e9duisant la pression nuit apr\u00e8s nuit. Sa capacit\u00e9 \u00e0 \u00e9pouser parfaitement la forme de votre t\u00eate, de votre nuque et de vos \u00e9paules garantit un soutien optimal, quelle que soit votre position de sommeil. De plus, il incorpore du mat\u00e9riau TEMPUR Renew\u00ae, \u00e9labor\u00e9 \u00e0 partir d&rsquo;un m\u00e9lange de mat\u00e9riaux recycl\u00e9s TEMPUR\u00ae et d&rsquo;autres mat\u00e9riaux de haute qualit\u00e9, ce qui vous assure que votre oreiller a \u00e9t\u00e9 fabriqu\u00e9 de mani\u00e8re plus respectueuse de l&rsquo;environnement.<\/p>\n","protected":false},"featured_media":677,"comment_status":"open","ping_status":"closed","template":"","meta":{"inline_featured_image":false},"pwb-brand":[304],"product_brand":[],"product_cat":[81,305],"product_tag":[],"class_list":{"0":"post-656","1":"product","2":"type-product","3":"status-publish","4":"has-post-thumbnail","6":"pwb-brand-tempur","7":"product_cat-literie","8":"product_cat-oreiller","10":"first","11":"instock","12":"shipping-taxable","13":"product-type-simple"},"aioseo_notices":[],"brands":[{"id":304,"name":"Tempur","slug":"tempur"}],"_links":{"self":[{"href":"https:\/\/willyvastiau.be\/fr\/wp-json\/wp\/v2\/product\/656","targetHints":{"allow":["GET"]}}],"collection":[{"href":"https:\/\/willyvastiau.be\/fr\/wp-json\/wp\/v2\/product"}],"about":[{"href":"https:\/\/willyvastiau.be\/fr\/wp-json\/wp\/v2\/types\/product"}],"replies":[{"embeddable":true,"href":"https:\/\/willyvastiau.be\/fr\/wp-json\/wp\/v2\/comments?post=656"}],"wp:featuredmedia":[{"embeddable":true,"href":"https:\/\/willyvastiau.be\/fr\/wp-json\/wp\/v2\/media\/677"}],"wp:attachment":[{"href":"https:\/\/willyvastiau.be\/fr\/wp-json\/wp\/v2\/media?parent=656"}],"wp:term":[{"taxonomy":"pwb-brand","embeddable":true,"href":"https:\/\/willyvastiau.be\/fr\/wp-json\/wp\/v2\/pwb-brand?post=656"},{"taxonomy":"product_brand","embeddable":true,"href":"https:\/\/willyvastiau.be\/fr\/wp-json\/wp\/v2\/product_brand?post=656"},{"taxonomy":"product_cat","embeddable":true,"href":"https:\/\/willyvastiau.be\/fr\/wp-json\/wp\/v2\/product_cat?post=656"},{"taxonomy":"product_tag","embeddable":true,"href":"https:\/\/willyvastiau.be\/fr\/wp-json\/wp\/v2\/product_tag?post=656"}],"curies":[{"name":"wp","href":"https:\/\/api.w.org\/{rel}","templated":true}]}}